{"id":2204,"date":"2020-09-21T10:12:55","date_gmt":"2020-09-21T10:12:55","guid":{"rendered":"http:\/\/dimoradematera.com\/web\/suites-copy\/"},"modified":"2021-05-31T12:38:55","modified_gmt":"2021-05-31T12:38:55","slug":"la-terrazza","status":"publish","type":"page","link":"https:\/\/dimoradematera.com\/web\/la-terrazza\/","title":{"rendered":"La Terrazza"},"content":{"rendered":"\t\t<div data-elementor-type=\"wp-post\" data-elementor-id=\"2204\" class=\"elementor elementor-2204\">\n\t\t\t\t\t\t<section class=\"elementor-section elementor-top-section elementor-element elementor-element-3819d2cc elementor-section-stretched elementor-section-height-min-height elementor-section-boxed elementor-section-height-default elementor-section-items-middle\" data-id=\"3819d2cc\" data-element_type=\"section\" data-e-type=\"section\" data-settings=\"{&quot;stretch_section&quot;:&quot;section-stretched&quot;,&quot;background_background&quot;:&quot;classic&quot;}\">\n\t\t\t\t\t\t\t<div class=\"elementor-background-overlay\"><\/div>\n\t\t\t\t\t\t\t<div class=\"elementor-container elementor-column-gap-default\">\n\t\t\t\t\t<div class=\"elementor-column elementor-col-100 elementor-top-column elementor-element elementor-element-712ebef7\" data-id=\"712ebef7\" data-element_type=\"column\" data-e-type=\"column\">\n\t\t\t<div class=\"elementor-widget-wrap elementor-element-populated\">\n\t\t\t\t\t\t<div class=\"elementor-element elementor-element-65b4e6de elementor-invisible elementor-widget elementor-widget-heading\" data-id=\"65b4e6de\" data-element_type=\"widget\" data-e-type=\"widget\" data-settings=\"{&quot;_animation&quot;:&quot;fadeInUp&quot;}\" data-widget_type=\"heading.default\">\n\t\t\t\t<div class=\"elementor-widget-container\">\n\t\t\t\t\t<h1 class=\"elementor-heading-title elementor-size-default\">La Terrazza<\/h1>\t\t\t\t<\/div>\n\t\t\t\t<\/div>\n\t\t\t\t<div class=\"elementor-element elementor-element-55adc588 elementor-invisible elementor-widget elementor-widget-heading\" data-id=\"55adc588\" data-element_type=\"widget\" data-e-type=\"widget\" data-settings=\"{&quot;_animation&quot;:&quot;fadeInUp&quot;,&quot;_animation_delay&quot;:400}\" data-widget_type=\"heading.default\">\n\t\t\t\t<div class=\"elementor-widget-container\">\n\t\t\t\t\t<h5 class=\"elementor-heading-title elementor-size-default\">Discover Dimora De Matera La Terrazza<\/h5>\t\t\t\t<\/div>\n\t\t\t\t<\/div>\n\t\t\t\t\t<\/div>\n\t\t<\/div>\n\t\t\t\t\t<\/div>\n\t\t<\/section>\n\t\t\t\t<section class=\"elementor-section elementor-top-section elementor-element elementor-element-9a40be7 elementor-section-boxed elementor-section-height-default elementor-section-height-default\" data-id=\"9a40be7\" data-element_type=\"section\" data-e-type=\"section\">\n\t\t\t\t\t\t<div class=\"elementor-container elementor-column-gap-default\">\n\t\t\t\t\t<div class=\"elementor-column elementor-col-100 elementor-top-column elementor-element elementor-element-bc224e8\" data-id=\"bc224e8\" data-element_type=\"column\" data-e-type=\"column\">\n\t\t\t<div class=\"elementor-widget-wrap elementor-element-populated\">\n\t\t\t\t\t\t<div class=\"elementor-element elementor-element-5687c87 elementor-widget elementor-widget-heading\" data-id=\"5687c87\" data-element_type=\"widget\" data-e-type=\"widget\" data-widget_type=\"heading.default\">\n\t\t\t\t<div class=\"elementor-widget-container\">\n\t\t\t\t\t<h2 class=\"elementor-heading-title elementor-size-default\">Dimora de Matera La Terrazza<\/h2>\t\t\t\t<\/div>\n\t\t\t\t<\/div>\n\t\t\t\t<div class=\"elementor-element elementor-element-1956eb0 elementor-widget elementor-widget-text-editor\" data-id=\"1956eb0\" data-element_type=\"widget\" data-e-type=\"widget\" data-widget_type=\"text-editor.default\">\n\t\t\t\t<div class=\"elementor-widget-container\">\n\t\t\t\t\t\t\t\t\t<p>La Terrazza de Matera \u00e8 il luogo pi\u00f9 suggestivo per godere una vista privilegiata sul centro storico di Cosenza e su tutta la citt\u00e0.<br \/>E\u2019 il rooftop pi\u00f9 glam per prelibati drink preparati da esperti mixologist che permettono di gustare aperitivi di classe. \u00a0E per cene con prospettiva privilegiata sul Castello Svevo con piatti della tradizione cosentina e calabrese con prodotti a Km zero e materie prime bio.<br \/>La terrazza ampia circa 300 mq \u00a0pu\u00f2 accogliere musica dal vivo, dj set, vernissage , convegni e molto altro e pu\u00f2 trasformarsi per ogni tipo di evento privato e di business per chi vuole vivere esperienze indimenticabili.<\/p>\t\t\t\t\t\t\t\t<\/div>\n\t\t\t\t<\/div>\n\t\t\t\t<div class=\"elementor-element elementor-element-7fcc5f5 elementor-widget elementor-widget-hoteller-gallery-masonry\" data-id=\"7fcc5f5\" data-element_type=\"widget\" data-e-type=\"widget\" data-widget_type=\"hoteller-gallery-masonry.default\">\n\t\t\t\t<div class=\"elementor-widget-container\">\n\t\t\t\t\t<div class=\"gallery_grid_content_wrapper do_masonry layout_tg_three_cols has_space\" data-cols=\"3\">\n\t\t<div class=\"gallery_grid_item tg_three_cols  gallery-grid-tilt\">\n\t\t\t\t\t\t\t<a class=\"tg_gallery_lightbox\" href=\"https:\/\/dimoradematera.com\/web\/wp-content\/uploads\/2021\/05\/DSCF6016.jpg\" data-thumb=\"https:\/\/dimoradematera.com\/web\/wp-content\/uploads\/2021\/05\/DSCF6016-300x200.jpg\" data-rel=\"tg_gallery7fcc5f5\"  >\n\t\t\t\t\t\t\t<img decoding=\"async\" src=\"https:\/\/dimoradematera.com\/web\/wp-content\/uploads\/2021\/05\/DSCF6016-440x293.jpg\" class=\"lazy_masonry\" alt=\"\" \/>\n\t\t\t\t\t\t\t<\/a>\n\t\t\t\t\t<\/div>\n\t\t<div class=\"gallery_grid_item tg_three_cols  gallery-grid-tilt\">\n\t\t\t\t\t\t\t<a class=\"tg_gallery_lightbox\" href=\"https:\/\/dimoradematera.com\/web\/wp-content\/uploads\/2021\/05\/DSCF6013.jpg\" data-thumb=\"https:\/\/dimoradematera.com\/web\/wp-content\/uploads\/2021\/05\/DSCF6013-300x200.jpg\" data-rel=\"tg_gallery7fcc5f5\"  >\n\t\t\t\t\t\t\t<img decoding=\"async\" src=\"https:\/\/dimoradematera.com\/web\/wp-content\/uploads\/2021\/05\/DSCF6013-440x293.jpg\" class=\"lazy_masonry\" alt=\"\" \/>\n\t\t\t\t\t\t\t<\/a>\n\t\t\t\t\t<\/div>\n\t\t<div class=\"gallery_grid_item tg_three_cols last gallery-grid-tilt\">\n\t\t\t\t\t\t\t<a class=\"tg_gallery_lightbox\" href=\"https:\/\/dimoradematera.com\/web\/wp-content\/uploads\/2021\/05\/DSCF6008.jpg\" data-thumb=\"https:\/\/dimoradematera.com\/web\/wp-content\/uploads\/2021\/05\/DSCF6008-300x200.jpg\" data-rel=\"tg_gallery7fcc5f5\"  >\n\t\t\t\t\t\t\t<img decoding=\"async\" src=\"https:\/\/dimoradematera.com\/web\/wp-content\/uploads\/2021\/05\/DSCF6008-440x293.jpg\" class=\"lazy_masonry\" alt=\"\" \/>\n\t\t\t\t\t\t\t<\/a>\n\t\t\t\t\t<\/div>\n\t\t<div class=\"gallery_grid_item tg_three_cols  gallery-grid-tilt\">\n\t\t\t\t\t\t\t<a class=\"tg_gallery_lightbox\" href=\"https:\/\/dimoradematera.com\/web\/wp-content\/uploads\/2021\/05\/DSCF5990.jpg\" data-thumb=\"https:\/\/dimoradematera.com\/web\/wp-content\/uploads\/2021\/05\/DSCF5990-300x200.jpg\" data-rel=\"tg_gallery7fcc5f5\"  >\n\t\t\t\t\t\t\t<img decoding=\"async\" src=\"https:\/\/dimoradematera.com\/web\/wp-content\/uploads\/2021\/05\/DSCF5990-440x293.jpg\" class=\"lazy_masonry\" alt=\"\" \/>\n\t\t\t\t\t\t\t<\/a>\n\t\t\t\t\t<\/div>\n\t\t<div class=\"gallery_grid_item tg_three_cols  gallery-grid-tilt\">\n\t\t\t\t\t\t\t<a class=\"tg_gallery_lightbox\" href=\"https:\/\/dimoradematera.com\/web\/wp-content\/uploads\/2021\/05\/DSCF5988.jpg\" data-thumb=\"https:\/\/dimoradematera.com\/web\/wp-content\/uploads\/2021\/05\/DSCF5988-300x200.jpg\" data-rel=\"tg_gallery7fcc5f5\"  >\n\t\t\t\t\t\t\t<img decoding=\"async\" src=\"https:\/\/dimoradematera.com\/web\/wp-content\/uploads\/2021\/05\/DSCF5988-440x293.jpg\" class=\"lazy_masonry\" alt=\"\" \/>\n\t\t\t\t\t\t\t<\/a>\n\t\t\t\t\t<\/div>\n\t\t<div class=\"gallery_grid_item tg_three_cols last gallery-grid-tilt\">\n\t\t\t\t\t\t\t<a class=\"tg_gallery_lightbox\" href=\"https:\/\/dimoradematera.com\/web\/wp-content\/uploads\/2021\/05\/DSCF5985.jpg\" data-thumb=\"https:\/\/dimoradematera.com\/web\/wp-content\/uploads\/2021\/05\/DSCF5985-300x200.jpg\" data-rel=\"tg_gallery7fcc5f5\"  >\n\t\t\t\t\t\t\t<img decoding=\"async\" src=\"https:\/\/dimoradematera.com\/web\/wp-content\/uploads\/2021\/05\/DSCF5985-440x293.jpg\" class=\"lazy_masonry\" alt=\"\" \/>\n\t\t\t\t\t\t\t<\/a>\n\t\t\t\t\t<\/div>\n\t\t<div class=\"gallery_grid_item tg_three_cols  gallery-grid-tilt\">\n\t\t\t\t\t\t\t<a class=\"tg_gallery_lightbox\" href=\"https:\/\/dimoradematera.com\/web\/wp-content\/uploads\/2021\/05\/DSCF5984.jpg\" data-thumb=\"https:\/\/dimoradematera.com\/web\/wp-content\/uploads\/2021\/05\/DSCF5984-300x200.jpg\" data-rel=\"tg_gallery7fcc5f5\"  >\n\t\t\t\t\t\t\t<img decoding=\"async\" src=\"https:\/\/dimoradematera.com\/web\/wp-content\/uploads\/2021\/05\/DSCF5984-440x293.jpg\" class=\"lazy_masonry\" alt=\"\" \/>\n\t\t\t\t\t\t\t<\/a>\n\t\t\t\t\t<\/div>\n\t\t<div class=\"gallery_grid_item tg_three_cols  gallery-grid-tilt\">\n\t\t\t\t\t\t\t<a class=\"tg_gallery_lightbox\" href=\"https:\/\/dimoradematera.com\/web\/wp-content\/uploads\/2021\/05\/DSCF5982.jpg\" data-thumb=\"https:\/\/dimoradematera.com\/web\/wp-content\/uploads\/2021\/05\/DSCF5982-300x200.jpg\" data-rel=\"tg_gallery7fcc5f5\"  >\n\t\t\t\t\t\t\t<img decoding=\"async\" src=\"https:\/\/dimoradematera.com\/web\/wp-content\/uploads\/2021\/05\/DSCF5982-440x293.jpg\" class=\"lazy_masonry\" alt=\"\" \/>\n\t\t\t\t\t\t\t<\/a>\n\t\t\t\t\t<\/div>\n\t\t<div class=\"gallery_grid_item tg_three_cols last gallery-grid-tilt\">\n\t\t\t\t\t\t\t<a class=\"tg_gallery_lightbox\" href=\"https:\/\/dimoradematera.com\/web\/wp-content\/uploads\/2021\/05\/DSCF5979.jpg\" data-thumb=\"https:\/\/dimoradematera.com\/web\/wp-content\/uploads\/2021\/05\/DSCF5979-300x200.jpg\" data-rel=\"tg_gallery7fcc5f5\"  >\n\t\t\t\t\t\t\t<img decoding=\"async\" src=\"https:\/\/dimoradematera.com\/web\/wp-content\/uploads\/2021\/05\/DSCF5979-440x293.jpg\" class=\"lazy_masonry\" alt=\"\" \/>\n\t\t\t\t\t\t\t<\/a>\n\t\t\t\t\t<\/div>\n\t\t<div class=\"gallery_grid_item tg_three_cols  gallery-grid-tilt\">\n\t\t\t\t\t\t\t<a class=\"tg_gallery_lightbox\" href=\"https:\/\/dimoradematera.com\/web\/wp-content\/uploads\/2021\/05\/DSCF5975.jpg\" data-thumb=\"https:\/\/dimoradematera.com\/web\/wp-content\/uploads\/2021\/05\/DSCF5975-300x200.jpg\" data-rel=\"tg_gallery7fcc5f5\"  >\n\t\t\t\t\t\t\t<img decoding=\"async\" src=\"https:\/\/dimoradematera.com\/web\/wp-content\/uploads\/2021\/05\/DSCF5975-440x293.jpg\" class=\"lazy_masonry\" alt=\"\" \/>\n\t\t\t\t\t\t\t<\/a>\n\t\t\t\t\t<\/div>\n\t\t<div class=\"gallery_grid_item tg_three_cols  gallery-grid-tilt\">\n\t\t\t\t\t\t\t<a class=\"tg_gallery_lightbox\" href=\"https:\/\/dimoradematera.com\/web\/wp-content\/uploads\/2021\/05\/DSCF5974.jpg\" data-thumb=\"https:\/\/dimoradematera.com\/web\/wp-content\/uploads\/2021\/05\/DSCF5974-300x200.jpg\" data-rel=\"tg_gallery7fcc5f5\"  >\n\t\t\t\t\t\t\t<img decoding=\"async\" src=\"https:\/\/dimoradematera.com\/web\/wp-content\/uploads\/2021\/05\/DSCF5974-440x293.jpg\" class=\"lazy_masonry\" alt=\"\" \/>\n\t\t\t\t\t\t\t<\/a>\n\t\t\t\t\t<\/div>\n\t\t<div class=\"gallery_grid_item tg_three_cols last gallery-grid-tilt\">\n\t\t\t\t\t\t\t<a class=\"tg_gallery_lightbox\" href=\"https:\/\/dimoradematera.com\/web\/wp-content\/uploads\/2020\/09\/dimora_ragazzi_04.jpg\" data-thumb=\"https:\/\/dimoradematera.com\/web\/wp-content\/uploads\/2020\/09\/dimora_ragazzi_04-300x200.jpg\" data-rel=\"tg_gallery7fcc5f5\"  >\n\t\t\t\t\t\t\t<img decoding=\"async\" src=\"https:\/\/dimoradematera.com\/web\/wp-content\/uploads\/2020\/09\/dimora_ragazzi_04-440x293.jpg\" class=\"lazy_masonry\" alt=\"\" \/>\n\t\t\t\t\t\t\t<\/a>\n\t\t\t\t\t<\/div>\n\t\t<div class=\"gallery_grid_item tg_three_cols  gallery-grid-tilt\">\n\t\t\t\t\t\t\t<a class=\"tg_gallery_lightbox\" href=\"https:\/\/dimoradematera.com\/web\/wp-content\/uploads\/2020\/09\/gallery7201.jpg\" data-thumb=\"https:\/\/dimoradematera.com\/web\/wp-content\/uploads\/2020\/09\/gallery7201-300x200.jpg\" data-rel=\"tg_gallery7fcc5f5\"  >\n\t\t\t\t\t\t\t<img decoding=\"async\" src=\"https:\/\/dimoradematera.com\/web\/wp-content\/uploads\/2020\/09\/gallery7201-440x293.jpg\" class=\"lazy_masonry\" alt=\"\" \/>\n\t\t\t\t\t\t\t<\/a>\n\t\t\t\t\t<\/div>\n\t\t<div class=\"gallery_grid_item tg_three_cols  gallery-grid-tilt\">\n\t\t\t\t\t\t\t<a class=\"tg_gallery_lightbox\" href=\"https:\/\/dimoradematera.com\/web\/wp-content\/uploads\/2020\/09\/gallery7339.jpg\" data-thumb=\"https:\/\/dimoradematera.com\/web\/wp-content\/uploads\/2020\/09\/gallery7339-300x200.jpg\" data-rel=\"tg_gallery7fcc5f5\"  >\n\t\t\t\t\t\t\t<img decoding=\"async\" src=\"https:\/\/dimoradematera.com\/web\/wp-content\/uploads\/2020\/09\/gallery7339-440x293.jpg\" class=\"lazy_masonry\" alt=\"\" \/>\n\t\t\t\t\t\t\t<\/a>\n\t\t\t\t\t<\/div>\n\t\t<div class=\"gallery_grid_item tg_three_cols last gallery-grid-tilt\">\n\t\t\t\t\t\t\t<a class=\"tg_gallery_lightbox\" href=\"https:\/\/dimoradematera.com\/web\/wp-content\/uploads\/2020\/09\/dimora_ragazzi_05.jpg\" data-thumb=\"https:\/\/dimoradematera.com\/web\/wp-content\/uploads\/2020\/09\/dimora_ragazzi_05-300x200.jpg\" data-rel=\"tg_gallery7fcc5f5\"  >\n\t\t\t\t\t\t\t<img decoding=\"async\" src=\"https:\/\/dimoradematera.com\/web\/wp-content\/uploads\/2020\/09\/dimora_ragazzi_05-440x293.jpg\" class=\"lazy_masonry\" alt=\"\" \/>\n\t\t\t\t\t\t\t<\/a>\n\t\t\t\t\t<\/div>\n\t\t<div class=\"gallery_grid_item tg_three_cols  gallery-grid-tilt\">\n\t\t\t\t\t\t\t<a class=\"tg_gallery_lightbox\" href=\"https:\/\/dimoradematera.com\/web\/wp-content\/uploads\/2020\/09\/gallery7327.jpg\" data-thumb=\"https:\/\/dimoradematera.com\/web\/wp-content\/uploads\/2020\/09\/gallery7327-300x200.jpg\" data-rel=\"tg_gallery7fcc5f5\"  >\n\t\t\t\t\t\t\t<img decoding=\"async\" src=\"https:\/\/dimoradematera.com\/web\/wp-content\/uploads\/2020\/09\/gallery7327-440x293.jpg\" class=\"lazy_masonry\" alt=\"\" \/>\n\t\t\t\t\t\t\t<\/a>\n\t\t\t\t\t<\/div>\n\t\t<div class=\"gallery_grid_item tg_three_cols  gallery-grid-tilt\">\n\t\t\t\t\t\t\t<a class=\"tg_gallery_lightbox\" href=\"https:\/\/dimoradematera.com\/web\/wp-content\/uploads\/2020\/09\/gallery7286.jpg\" data-thumb=\"https:\/\/dimoradematera.com\/web\/wp-content\/uploads\/2020\/09\/gallery7286-300x200.jpg\" data-rel=\"tg_gallery7fcc5f5\"  >\n\t\t\t\t\t\t\t<img decoding=\"async\" src=\"https:\/\/dimoradematera.com\/web\/wp-content\/uploads\/2020\/09\/gallery7286-440x293.jpg\" class=\"lazy_masonry\" alt=\"\" \/>\n\t\t\t\t\t\t\t<\/a>\n\t\t\t\t\t<\/div>\n\t\t<div class=\"gallery_grid_item tg_three_cols last gallery-grid-tilt\">\n\t\t\t\t\t\t\t<a class=\"tg_gallery_lightbox\" href=\"https:\/\/dimoradematera.com\/web\/wp-content\/uploads\/2020\/09\/gallery7262.jpg\" data-thumb=\"https:\/\/dimoradematera.com\/web\/wp-content\/uploads\/2020\/09\/gallery7262-300x200.jpg\" data-rel=\"tg_gallery7fcc5f5\"  >\n\t\t\t\t\t\t\t<img decoding=\"async\" src=\"https:\/\/dimoradematera.com\/web\/wp-content\/uploads\/2020\/09\/gallery7262-440x293.jpg\" class=\"lazy_masonry\" alt=\"\" \/>\n\t\t\t\t\t\t\t<\/a>\n\t\t\t\t\t<\/div>\n\t\t<div class=\"gallery_grid_item tg_three_cols  gallery-grid-tilt\">\n\t\t\t\t\t\t\t<a class=\"tg_gallery_lightbox\" href=\"https:\/\/dimoradematera.com\/web\/wp-content\/uploads\/2020\/09\/gallery7252.jpg\" data-thumb=\"https:\/\/dimoradematera.com\/web\/wp-content\/uploads\/2020\/09\/gallery7252-300x200.jpg\" data-rel=\"tg_gallery7fcc5f5\"  >\n\t\t\t\t\t\t\t<img decoding=\"async\" src=\"https:\/\/dimoradematera.com\/web\/wp-content\/uploads\/2020\/09\/gallery7252-440x293.jpg\" class=\"lazy_masonry\" alt=\"\" \/>\n\t\t\t\t\t\t\t<\/a>\n\t\t\t\t\t<\/div>\n\t\t<div class=\"gallery_grid_item tg_three_cols  gallery-grid-tilt\">\n\t\t\t\t\t\t\t<a class=\"tg_gallery_lightbox\" href=\"https:\/\/dimoradematera.com\/web\/wp-content\/uploads\/2020\/09\/gallery7243.jpg\" data-thumb=\"https:\/\/dimoradematera.com\/web\/wp-content\/uploads\/2020\/09\/gallery7243-300x200.jpg\" data-rel=\"tg_gallery7fcc5f5\"  >\n\t\t\t\t\t\t\t<img decoding=\"async\" src=\"https:\/\/dimoradematera.com\/web\/wp-content\/uploads\/2020\/09\/gallery7243-440x293.jpg\" class=\"lazy_masonry\" alt=\"\" \/>\n\t\t\t\t\t\t\t<\/a>\n\t\t\t\t\t<\/div>\n\t\t<div class=\"gallery_grid_item tg_three_cols last gallery-grid-tilt\">\n\t\t\t\t\t\t\t<a class=\"tg_gallery_lightbox\" href=\"https:\/\/dimoradematera.com\/web\/wp-content\/uploads\/2020\/09\/gallery7219.jpg\" data-thumb=\"https:\/\/dimoradematera.com\/web\/wp-content\/uploads\/2020\/09\/gallery7219-300x200.jpg\" data-rel=\"tg_gallery7fcc5f5\"  >\n\t\t\t\t\t\t\t<img decoding=\"async\" src=\"https:\/\/dimoradematera.com\/web\/wp-content\/uploads\/2020\/09\/gallery7219-440x293.jpg\" class=\"lazy_masonry\" alt=\"\" \/>\n\t\t\t\t\t\t\t<\/a>\n\t\t\t\t\t<\/div>\n\t\t<div class=\"gallery_grid_item tg_three_cols  gallery-grid-tilt\">\n\t\t\t\t\t\t\t<a class=\"tg_gallery_lightbox\" href=\"https:\/\/dimoradematera.com\/web\/wp-content\/uploads\/2020\/09\/gallery7161.jpg\" data-thumb=\"https:\/\/dimoradematera.com\/web\/wp-content\/uploads\/2020\/09\/gallery7161-300x200.jpg\" data-rel=\"tg_gallery7fcc5f5\"  >\n\t\t\t\t\t\t\t<img decoding=\"async\" src=\"https:\/\/dimoradematera.com\/web\/wp-content\/uploads\/2020\/09\/gallery7161-440x293.jpg\" class=\"lazy_masonry\" alt=\"\" \/>\n\t\t\t\t\t\t\t<\/a>\n\t\t\t\t\t<\/div>\n\t\t<div class=\"gallery_grid_item tg_three_cols  gallery-grid-tilt\">\n\t\t\t\t\t\t\t<a class=\"tg_gallery_lightbox\" href=\"https:\/\/dimoradematera.com\/web\/wp-content\/uploads\/2020\/09\/gallery7035.jpg\" data-thumb=\"https:\/\/dimoradematera.com\/web\/wp-content\/uploads\/2020\/09\/gallery7035-300x300.jpg\" data-rel=\"tg_gallery7fcc5f5\"  >\n\t\t\t\t\t\t\t<img decoding=\"async\" src=\"https:\/\/dimoradematera.com\/web\/wp-content\/uploads\/2020\/09\/gallery7035-440x440.jpg\" class=\"lazy_masonry\" alt=\"\" \/>\n\t\t\t\t\t\t\t<\/a>\n\t\t\t\t\t<\/div>\n\t\t<div class=\"gallery_grid_item tg_three_cols last gallery-grid-tilt\">\n\t\t\t\t\t\t\t<a class=\"tg_gallery_lightbox\" href=\"https:\/\/dimoradematera.com\/web\/wp-content\/uploads\/2021\/04\/dimora_terrazza02.jpg\" data-thumb=\"https:\/\/dimoradematera.com\/web\/wp-content\/uploads\/2021\/04\/dimora_terrazza02-300x200.jpg\" data-rel=\"tg_gallery7fcc5f5\"  >\n\t\t\t\t\t\t\t<img decoding=\"async\" src=\"https:\/\/dimoradematera.com\/web\/wp-content\/uploads\/2021\/04\/dimora_terrazza02-440x293.jpg\" class=\"lazy_masonry\" alt=\"\" \/>\n\t\t\t\t\t\t\t<\/a>\n\t\t\t\t\t<\/div>\n\t\t<div class=\"gallery_grid_item tg_three_cols  gallery-grid-tilt\">\n\t\t\t\t\t\t\t<a class=\"tg_gallery_lightbox\" href=\"https:\/\/dimoradematera.com\/web\/wp-content\/uploads\/2021\/04\/dimora_terrazza01.jpg\" data-thumb=\"https:\/\/dimoradematera.com\/web\/wp-content\/uploads\/2021\/04\/dimora_terrazza01-300x200.jpg\" data-rel=\"tg_gallery7fcc5f5\"  >\n\t\t\t\t\t\t\t<img decoding=\"async\" src=\"https:\/\/dimoradematera.com\/web\/wp-content\/uploads\/2021\/04\/dimora_terrazza01-440x293.jpg\" class=\"lazy_masonry\" alt=\"\" \/>\n\t\t\t\t\t\t\t<\/a>\n\t\t\t\t\t<\/div>\n<br class=\"clear\"\/>\n<\/div>\n\t\t\t\t<\/div>\n\t\t\t\t<\/div>\n\t\t\t\t\t<\/div>\n\t\t<\/div>\n\t\t\t\t\t<\/div>\n\t\t<\/section>\n\t\t\t\t<\/div>\n\t\t","protected":false},"excerpt":{"rendered":"<p>La Terrazza Discover Dimora De Matera La Terrazza Dimora de Matera La Terrazza La Terrazza de Matera \u00e8 il luogo pi\u00f9 suggestivo per godere una vista privilegiata sul centro storico di Cosenza e su tutta la citt\u00e0.E\u2019 il rooftop pi\u00f9 [&hellip;]<\/p>\n","protected":false},"author":2,"featured_media":0,"parent":0,"menu_order":0,"comment_status":"closed","ping_status":"closed","template":"","meta":{"footnotes":""},"class_list":["post-2204","page","type-page","status-publish","hentry"],"_links":{"self":[{"href":"https:\/\/dimoradematera.com\/web\/wp-json\/wp\/v2\/pages\/2204","targetHints":{"allow":["GET"]}}],"collection":[{"href":"https:\/\/dimoradematera.com\/web\/wp-json\/wp\/v2\/pages"}],"about":[{"href":"https:\/\/dimoradematera.com\/web\/wp-json\/wp\/v2\/types\/page"}],"author":[{"embeddable":true,"href":"https:\/\/dimoradematera.com\/web\/wp-json\/wp\/v2\/users\/2"}],"replies":[{"embeddable":true,"href":"https:\/\/dimoradematera.com\/web\/wp-json\/wp\/v2\/comments?post=2204"}],"version-history":[{"count":13,"href":"https:\/\/dimoradematera.com\/web\/wp-json\/wp\/v2\/pages\/2204\/revisions"}],"predecessor-version":[{"id":2320,"href":"https:\/\/dimoradematera.com\/web\/wp-json\/wp\/v2\/pages\/2204\/revisions\/2320"}],"wp:attachment":[{"href":"https:\/\/dimoradematera.com\/web\/wp-json\/wp\/v2\/media?parent=2204"}],"curies":[{"name":"wp","href":"https:\/\/api.w.org\/{rel}","templated":true}]}}